{"id":198,"date":"2021-09-26T16:41:46","date_gmt":"2021-09-26T14:41:46","guid":{"rendered":"https:\/\/www.graff.be\/word\/?page_id=198"},"modified":"2021-09-27T19:53:26","modified_gmt":"2021-09-27T17:53:26","slug":"chantiers","status":"publish","type":"page","link":"https:\/\/www.graff.be\/word\/chantiers\/","title":{"rendered":"Chantiers"},"content":{"rendered":"\t\t<div data-elementor-type=\"wp-page\" data-elementor-id=\"198\" class=\"elementor elementor-198\" data-elementor-settings=\"[]\">\n\t\t\t\t\t\t\t<div class=\"elementor-section-wrap\">\n\t\t\t\t\t\t\t<section class=\"elementor-section elementor-top-section elementor-element elementor-element-be6c28f elementor-section-boxed elementor-section-height-default elementor-section-height-default\" data-id=\"be6c28f\" data-element_type=\"section\" data-settings=\"{&quot;background_background&quot;:&quot;classic&quot;}\">\n\t\t\t\t\t\t<div class=\"elementor-container elementor-column-gap-default\">\n\t\t\t\t\t<div class=\"elementor-column elementor-col-100 elementor-top-column elementor-element elementor-element-3d1194a\" data-id=\"3d1194a\" data-element_type=\"column\">\n\t\t\t<div class=\"elementor-widget-wrap elementor-element-populated\">\n\t\t\t\t\t\t\t\t<div class=\"elementor-element elementor-element-bfa0d96 elementor-invisible elementor-widget elementor-widget-heading\" data-id=\"bfa0d96\" data-element_type=\"widget\" data-settings=\"{&quot;_animation&quot;:&quot;fadeInLeft&quot;}\" data-widget_type=\"heading.default\">\n\t\t\t\t<div class=\"elementor-widget-container\">\n\t\t\t<h1 class=\"elementor-heading-title elementor-size-default\">Chantiers<\/h1>\t\t<\/div>\n\t\t\t\t<\/div>\n\t\t\t\t\t<\/div>\n\t\t<\/div>\n\t\t\t\t\t\t\t<\/div>\n\t\t<\/section>\n\t\t\t\t<section class=\"elementor-section elementor-top-section elementor-element elementor-element-6a7261f elementor-section-boxed elementor-section-height-default elementor-section-height-default\" data-id=\"6a7261f\" data-element_type=\"section\" data-settings=\"{&quot;background_background&quot;:&quot;classic&quot;}\">\n\t\t\t\t\t\t\t<div class=\"elementor-background-overlay\"><\/div>\n\t\t\t\t\t\t\t<div class=\"elementor-container elementor-column-gap-default\">\n\t\t\t\t\t<div class=\"elementor-column elementor-col-100 elementor-top-column elementor-element elementor-element-4b7cb07\" data-id=\"4b7cb07\" data-element_type=\"column\">\n\t\t\t<div class=\"elementor-widget-wrap elementor-element-populated\">\n\t\t\t\t\t\t\t\t<div class=\"elementor-element elementor-element-b10a5f2 elementor-grid-3 elementor-grid-tablet-2 elementor-grid-mobile-1 elementor-posts--thumbnail-top elementor-card-shadow-yes elementor-posts__hover-gradient elementor-widget elementor-widget-posts\" data-id=\"b10a5f2\" data-element_type=\"widget\" data-settings=\"{&quot;cards_masonry&quot;:&quot;yes&quot;,&quot;pagination_type&quot;:&quot;numbers_and_prev_next&quot;,&quot;cards_columns&quot;:&quot;3&quot;,&quot;cards_columns_tablet&quot;:&quot;2&quot;,&quot;cards_columns_mobile&quot;:&quot;1&quot;,&quot;cards_row_gap&quot;:{&quot;unit&quot;:&quot;px&quot;,&quot;size&quot;:35,&quot;sizes&quot;:[]}}\" data-widget_type=\"posts.cards\">\n\t\t\t\t<div class=\"elementor-widget-container\">\n\t\t\t\t\t<div class=\"elementor-posts-container elementor-posts elementor-posts--skin-cards elementor-grid\">\n\t\t\t\t<article class=\"elementor-post elementor-grid-item post-267 post type-post status-publish format-standard hentry category-non-classe entry\">\n\t\t\t<div class=\"elementor-post__card\">\n\t\t\t\t<div class=\"elementor-post__text\">\n\t\t\t\t<h3 class=\"elementor-post__title\">\n\t\t\t<a href=\"https:\/\/www.graff.be\/word\/mesurage-de-situation-existante-en-vue-de-lamenagement-dune-propriete\/\" >\n\t\t\t\tMesurage de situation existante en vue de l\u2019am\u00e9nagement d\u2019une propri\u00e9t\u00e9\t\t\t<\/a>\n\t\t<\/h3>\n\t\t\t\t<div class=\"elementor-post__excerpt\">\n\t\t\t<p>Suspendisse dictum erat pretium tristique semper. Lorem ipsum dolor sit amet, consectetur adipiscing elit. Aliquam scelerisque nisi eu mattis mattis. Aliquam erat volutpat. Sed eleifend<\/p>\n\t\t<\/div>\n\t\t\t\t\t<a class=\"elementor-post__read-more\" href=\"https:\/\/www.graff.be\/word\/mesurage-de-situation-existante-en-vue-de-lamenagement-dune-propriete\/\" >\n\t\t\t\tSuite \u00bb\t\t\t<\/a>\n\t\t\t\t<\/div>\n\t\t\t\t\t<\/div>\n\t\t<\/article>\n\t\t\t\t<article class=\"elementor-post elementor-grid-item post-265 post type-post status-publish format-standard hentry category-non-classe entry\">\n\t\t\t<div class=\"elementor-post__card\">\n\t\t\t\t<div class=\"elementor-post__text\">\n\t\t\t\t<h3 class=\"elementor-post__title\">\n\t\t\t<a href=\"https:\/\/www.graff.be\/word\/mesurage-et-bornage-dune-propriete-en-vue-de-la-construction-de-12-logements-a-battice-2\/\" >\n\t\t\t\tMesurage et bornage d\u2019une propri\u00e9t\u00e9 en vue de la construction de 12 logements \u00e0 BATTICE\t\t\t<\/a>\n\t\t<\/h3>\n\t\t\t\t<div class=\"elementor-post__excerpt\">\n\t\t\t<p>Lorem ipsum dolor sit amet, consectetur adipiscing elit. Nulla congue suscipit ullamcorper. Nulla lobortis dui eget commodo condimentum. Curabitur pellentesque odio ut velit consectetur blandit.<\/p>\n\t\t<\/div>\n\t\t\t\t\t<a class=\"elementor-post__read-more\" href=\"https:\/\/www.graff.be\/word\/mesurage-et-bornage-dune-propriete-en-vue-de-la-construction-de-12-logements-a-battice-2\/\" >\n\t\t\t\tSuite \u00bb\t\t\t<\/a>\n\t\t\t\t<\/div>\n\t\t\t\t\t<\/div>\n\t\t<\/article>\n\t\t\t\t<\/div>\n\n\n\t\t\n\t\t\t\t<\/div>\n\t\t\t\t<\/div>\n\t\t\t\t\t<\/div>\n\t\t<\/div>\n\t\t\t\t\t\t\t<\/div>\n\t\t<\/section>\n\t\t\t\t\t\t<\/div>\n\t\t\t\t\t<\/div>\n\t\t","protected":false},"excerpt":{"rendered":"<p>Chantiers<\/p>\n","protected":false},"author":1,"featured_media":0,"parent":0,"menu_order":0,"comment_status":"closed","ping_status":"closed","template":"","meta":{"_ti_tpc_template_sync":false,"_ti_tpc_template_id":""},"_links":{"self":[{"href":"https:\/\/www.graff.be\/word\/wp-json\/wp\/v2\/pages\/198"}],"collection":[{"href":"https:\/\/www.graff.be\/word\/wp-json\/wp\/v2\/pages"}],"about":[{"href":"https:\/\/www.graff.be\/word\/wp-json\/wp\/v2\/types\/page"}],"author":[{"embeddable":true,"href":"https:\/\/www.graff.be\/word\/wp-json\/wp\/v2\/users\/1"}],"replies":[{"embeddable":true,"href":"https:\/\/www.graff.be\/word\/wp-json\/wp\/v2\/comments?post=198"}],"version-history":[{"count":18,"href":"https:\/\/www.graff.be\/word\/wp-json\/wp\/v2\/pages\/198\/revisions"}],"predecessor-version":[{"id":287,"href":"https:\/\/www.graff.be\/word\/wp-json\/wp\/v2\/pages\/198\/revisions\/287"}],"wp:attachment":[{"href":"https:\/\/www.graff.be\/word\/wp-json\/wp\/v2\/media?parent=198"}],"curies":[{"name":"wp","href":"https:\/\/api.w.org\/{rel}","templated":true}]}}